
{"id":3,"date":"2024-09-25T09:28:44","date_gmt":"2024-09-25T09:28:44","guid":{"rendered":"http:\/\/soilprom.eu\/?page_id=3"},"modified":"2025-04-18T15:16:52","modified_gmt":"2025-04-18T15:16:52","slug":"privacy-policy","status":"publish","type":"page","link":"https:\/\/soilprom.eu\/pl\/privacy-policy\/","title":{"rendered":"Polityka prywatno\u015bci"},"content":{"rendered":"<div style=\"height:100px\" aria-hidden=\"true\" class=\"wp-block-spacer\"><\/div>\n\n\n\n<h1 class=\"wp-block-heading\">Polityka prywatno\u015bci<\/h1>\n\n\n\n<p>Witamy na naszej stronie internetowej projektu SOILPROM i dzi\u0119kujemy za zainteresowanie. Powa\u017cnie traktujemy ochron\u0119 Twoich danych osobowych i uprzejmie prosimy o zapoznanie si\u0119 z poni\u017cszymi informacjami. Niniejsza informacja o ochronie prywatno\u015bci ma zastosowanie do os\u00f3b odwiedzaj\u0105cych stron\u0119 internetow\u0105, partner\u00f3w badawczych i innych zainteresowanych stron i zawiera szczeg\u00f3\u0142owe informacje na temat sposobu przetwarzania przez nas danych osobowych.<\/p>\n\n\n\n<h2 class=\"wp-block-heading\"><strong>Jakie dane gromadzimy?<\/strong><\/h2>\n\n\n\n<p>SOILPROM gromadzi nast\u0119puj\u0105ce dane osobowe:<\/p>\n\n\n\n<ul class=\"wp-block-list\">\n<li>Imi\u0119 i nazwisko<\/li>\n\n\n\n<li>Adresy e-mail<\/li>\n\n\n\n<li>Numery telefon\u00f3w<\/li>\n\n\n\n<li>Przynale\u017cno\u015b\u0107 zawodowa i\/lub stanowisko<\/li>\n<\/ul>\n\n\n\n<h2 class=\"wp-block-heading\"><strong>W jaki spos\u00f3b gromadzimy dane osobowe u\u017cytkownik\u00f3w?<\/strong><\/h2>\n\n\n\n<ul class=\"wp-block-list\">\n<li>Kontaktuj\u0105c si\u0119 z nami za po\u015brednictwem poczty elektronicznej (b\u0119dziemy potrzebowa\u0107 Twojego adresu e-mail, aby m\u00f3c si\u0119 z Tob\u0105 skontaktowa\u0107).<\/li>\n\n\n\n<li>Poprzez rejestracj\u0119 na spotkania osobiste\/zdalne (w tym przypadku b\u0119dziemy potrzebowa\u0107 Twojego imienia i nazwiska, adresu e-mail i numeru telefonu w celu sporz\u0105dzenia listy obecno\u015bci oraz skontaktowania si\u0119 z Tob\u0105 w celu uzyskania informacji i w nag\u0142ych przypadkach).<\/li>\n\n\n\n<li>Szczeg\u00f3lne kategorie danych osobowych: Podczas organizacji wydarzenia mo\u017cemy poprosi\u0107 o podanie ogranicze\u0144 dietetycznych, aby m\u00f3c zaoferowa\u0107 opcje, kt\u00f3re b\u0119d\u0105 dla Ciebie najlepsze.<\/li>\n<\/ul>\n\n\n\n<h2 class=\"wp-block-heading\"><strong>Jak wykorzystujemy dane u\u017cytkownik\u00f3w?<\/strong><\/h2>\n\n\n\n<ul class=\"wp-block-list\">\n<li>w celu komunikowania si\u0119 z u\u017cytkownikiem w zwi\u0105zku z informacjami, o kt\u00f3re prosi\u0142<\/li>\n\n\n\n<li>za przekazanie u\u017cytkownikowi dodatkowych informacji na temat wydarzenia, na kt\u00f3re si\u0119 zarejestrowa\u0142<\/li>\n\n\n\n<li>Podstawa prawna przetwarzania danych osobowych u\u017cytkownika<\/li>\n\n\n\n<li>\u015awiadoma zgoda: gdy u\u017cytkownik przekazuje nam swoje dane osobowe podczas wype\u0142niania formularza rejestracyjnego.<\/li>\n\n\n\n<li>Obowi\u0105zek prawny: gdy musimy przetwarza\u0107 dane osobowe w celu spe\u0142nienia obowi\u0105zku prawnego, mo\u017cemy mie\u0107<\/li>\n\n\n\n<li>Uzasadnione interesy: gdy jest to konieczne, aby\u015bmy mogli publicznie informowa\u0107 o wynikach projektu i podnosi\u0107 jako\u015b\u0107 naszych bada\u0144.<\/li>\n<\/ul>\n\n\n\n<h2 class=\"wp-block-heading\"><strong>Jak przechowujemy dane u\u017cytkownik\u00f3w?<\/strong><\/h2>\n\n\n\n<p>Poniewa\u017c SOILPROM jest konsorcjum sk\u0142adaj\u0105cym si\u0119 z 12 partner\u00f3w, Twoje dane b\u0119d\u0105 bezpiecznie przechowywane w siedzibie odpowiedzialnego partnera, gdzie podj\u0119to odpowiednie \u015brodki techniczne i organizacyjne w celu zapewnienia ochrony danych. Wszyscy partnerzy dzia\u0142aj\u0105 zgodnie z planem zarz\u0105dzania danymi, kt\u00f3ry zosta\u0142 okre\u015blony na pocz\u0105tku projektu, co oznacza, \u017ce mamy bezpieczne serwery, kt\u00f3re s\u0105 chronione has\u0142em do przechowywania danych, a dost\u0119p do nich maj\u0105 tylko osoby bezpo\u015brednio zaanga\u017cowane w SOILPROM. Ponadto na naszych serwerach zainstalowane jest i cz\u0119sto aktualizowane oprogramowanie zabezpieczaj\u0105ce i antywirusowe. Nale\u017cy pami\u0119ta\u0107, \u017ce transmisja danych nie mo\u017ce by\u0107 100% bezpieczna; dok\u0142adamy jednak wszelkich stara\u0144, aby chroni\u0107 Twoje dane w najwy\u017cszym stopniu.<\/p>\n\n\n\n<h2 class=\"wp-block-heading\"><strong>Czy udost\u0119pniamy dane u\u017cytkownika stronom trzecim?<\/strong><\/h2>\n\n\n\n<p>Tak, mo\u017cemy od czasu do czasu udost\u0119pnia\u0107 dane osobowe u\u017cytkownika zaufanym stronom trzecim, kt\u00f3re pomagaj\u0105 nam w skutecznym dzia\u0142aniu; na przyk\u0142ad oprogramowanie oparte na chmurze, us\u0142ugi kadrowe i ksi\u0119gowe w ramach konsorcjum, organy \u015bcigania lub agencje rz\u0105dowe, Komisja Europejska.<\/p>\n\n\n\n<h2 class=\"wp-block-heading\"><strong>Jak d\u0142ugo przechowujemy dane osobowe u\u017cytkownik\u00f3w?<\/strong><\/h2>\n\n\n\n<p>Poniewa\u017c SOILPROM jest projektem finansowanym przez HORIZON EUROPE, jeste\u015bmy zobowi\u0105zani do przechowywania danych dla <strong>do 10 lat po zako\u0144czeniu projektu (chyba \u017ce audytorzy wyst\u0105pi\u0105 o przed\u0142u\u017cenie).<\/strong> W takim przypadku zgromadzone dane s\u0105 przetwarzane zgodnie z rozporz\u0105dzeniem nr 45\/2001. Po up\u0142ywie tego okresu i bior\u0105c pod uwag\u0119 fakt, \u017ce nie wyst\u0105pi\u0105 \u017cadne inne uzasadnione powody dalszego przechowywania, usuniemy dane osobowe u\u017cytkownika.<\/p>\n\n\n\n<h2 class=\"wp-block-heading\"><strong>Jakie s\u0105 prawa u\u017cytkownika w zakresie ochrony danych?<\/strong><\/h2>\n\n\n\n<p>Projekt SOILPROM pragnie upewni\u0107 si\u0119, \u017ce u\u017cytkownik jest w pe\u0142ni \u015bwiadomy wszystkich swoich praw w zakresie ochrony danych. Ka\u017cdemu u\u017cytkownikowi przys\u0142uguj\u0105 nast\u0119puj\u0105ce prawa:<\/p>\n\n\n\n<p><strong>Prawo dost\u0119pu:&nbsp;<\/strong>U\u017cytkownik mo\u017ce za\u017c\u0105da\u0107 informacji o przetwarzanych przez nas danych. U\u017cytkownik mo\u017ce zg\u0142osi\u0107 takie \u017c\u0105danie w dowolnym momencie i w dowolnej formie. Je\u015bli to zrobisz, poinformujemy Ci\u0119 na pi\u015bmie o tym, jakie dane dotycz\u0105ce Ciebie przechowujemy, do czego b\u0119dziemy ich u\u017cywa\u0107, do jakich kategorii odbiorc\u00f3w s\u0105 one przekazywane i jak zamierzamy je przechowywa\u0107.<\/p>\n\n\n\n<p><strong>Prawo do usuni\u0119cia danych<\/strong>: U\u017cytkownik mo\u017ce za\u017c\u0105da\u0107 usuni\u0119cia swoich danych, kt\u00f3re przetwarzamy. U\u017cytkownik mo\u017ce z\u0142o\u017cy\u0107 takie \u017c\u0105danie w dowolnym momencie i w dowolnej formie. Spe\u0142nimy to \u017c\u0105danie, je\u015bli nie b\u0119dziemy ju\u017c potrzebowa\u0107 danych u\u017cytkownika do cel\u00f3w, dla kt\u00f3rych zosta\u0142y zgromadzone, u\u017cytkownik wycofa wcze\u015bniej udzielon\u0105 zgod\u0119, przetwarzanie danych jest niezgodne z prawem lub musimy usun\u0105\u0107 dane u\u017cytkownika w celu spe\u0142nienia obowi\u0105zku ustawowego.<\/p>\n\n\n\n<p><strong>Prawo do sprostowania:<\/strong>&nbsp;Je\u015bli b\u0142\u0119dnie przetwarzamy nieprawid\u0142owe lub niekompletne dane u\u017cytkownika, oczywi\u015bcie je poprawimy. Wystarczy przes\u0142a\u0107 nam pro\u015bb\u0119 o sprostowanie w dowolnej formie.<\/p>\n\n\n\n<p><strong>Prawo do ograniczenia przetwarzania:<\/strong>&nbsp;Je\u015bli dane u\u017cytkownika nie mog\u0105 zosta\u0107 usuni\u0119te lub je\u015bli u\u017cytkownik nie chce, aby zosta\u0142y one usuni\u0119te, ale r\u00f3wnie\u017c nie chce, aby by\u0142y przetwarzane w spos\u00f3b wykraczaj\u0105cy poza ich przechowywanie, na \u017c\u0105danie u\u017cytkownika b\u0119dziemy zobowi\u0105zani do ograniczenia dalszego przetwarzania jego danych osobowych.<\/p>\n\n\n\n<p><strong>Prawo do przenoszenia danych:&nbsp;<\/strong>Na \u017c\u0105danie u\u017cytkownika udost\u0119pnimy przechowywane przez nas dane u\u017cytkownika, kt\u00f3re otrzymali\u015bmy na podstawie umowy lub zgody u\u017cytkownika, w powszechnie u\u017cywanym formacie pliku (niezale\u017cnie od formy). U\u017cytkownik mo\u017ce wykorzystywa\u0107 te dane do w\u0142asnych cel\u00f3w i przekazywa\u0107 je przysz\u0142ym kontrahentom. Przeka\u017cemy r\u00f3wnie\u017c dane bezpo\u015brednio adresatowi wskazanemu przez u\u017cytkownika, o ile u\u017cytkownik sobie tego \u017cyczy i jest to technicznie wykonalne. W takim przypadku poinformujemy u\u017cytkownika o pomy\u015blnym zako\u0144czeniu przesy\u0142ania danych.<\/p>\n\n\n\n<p><strong>Prawo do sprzeciwu:&nbsp;<\/strong>W niekt\u00f3rych przypadkach og\u00f3lne rozporz\u0105dzenie o ochronie danych uprawnia r\u00f3wnie\u017c u\u017cytkownika do wniesienia sprzeciwu wobec dalszego przetwarzania jego danych. Poniewa\u017c obecnie nie przetwarzamy \u017cadnych danych w spos\u00f3b, kt\u00f3ry dawa\u0142by u\u017cytkownikowi prawo do sprzeciwu, w tym momencie odsy\u0142amy u\u017cytkownika do prawa do usuni\u0119cia lub prawa do ograniczenia przetwarzania (patrz wy\u017cej).<\/p>\n\n\n\n<p>W przypadku z\u0142o\u017cenia wniosku mamy miesi\u0105c na udzielenie odpowiedzi. Je\u015bli chcesz skorzysta\u0107 z kt\u00f3regokolwiek z tych praw, skontaktuj si\u0119 z nami za po\u015brednictwem poczty elektronicznej: info@soilprom.eu <\/p>\n\n\n\n<h2 class=\"wp-block-heading\"><strong>Pliki cookie<\/strong><\/h2>\n\n\n\n<p>Pliki cookie to ma\u0142e pliki, kt\u00f3re s\u0105 pobierane na komputer u\u017cytkownika podczas odwiedzania strony internetowej w celu poprawy komfortu korzystania z niej. Prawie wszystkie przegl\u0105darki obs\u0142uguj\u0105 pliki cookie; u\u017cytkownik mo\u017ce jednak ustawi\u0107 swoje preferencje (odrzuci\u0107 je lub usun\u0105\u0107) w dowolnym momencie. Wi\u0119cej og\u00f3lnych informacji na temat plik\u00f3w cookie mo\u017cna znale\u017a\u0107 na stronie&nbsp;<a href=\"https:\/\/www.cookiebot.com\/en\/cookie-control\/?gclid=Cj0KCQiAmeKQBhDvARIsAHJ7mF5AzeMnUVmnCTogc6yI7_Mk2jl_OlkfFxPg0MvK1DxLCg6nJ9l2tEMaAiChEALw_wcB\">Strona ICO dotycz\u0105ca plik\u00f3w cookie<\/a>.<\/p>\n\n\n\n<h2 class=\"wp-block-heading\"><strong>Jak u\u017cywamy plik\u00f3w cookie?<\/strong><\/h2>\n\n\n\n<p>U\u017cywamy plik\u00f3w cookie do zarz\u0105dzania funkcjonalno\u015bci\u0105 naszej witryny internetowej oraz do uzyskiwania wgl\u0105du w to, jak ulepsza\u0107 nasze us\u0142ugi dla u\u017cytkownik\u00f3w.  Gdy plik cookie nie jest niezb\u0119dny, dajemy u\u017cytkownikowi mo\u017cliwo\u015b\u0107 rezygnacji z niego i wy\u0142\u0105czenia go.<\/p>\n\n\n\n<h2 class=\"wp-block-heading\"><strong>Jakich rodzaj\u00f3w plik\u00f3w cookie u\u017cywamy?<\/strong><\/h2>\n\n\n\n<p>U\u017cywamy dw\u00f3ch g\u0142\u00f3wnych rodzaj\u00f3w plik\u00f3w cookie:<\/p>\n\n\n\n<ul class=\"wp-block-list\">\n<li>Niezb\u0119dne pliki cookie, kt\u00f3re s\u0105 niezb\u0119dne do dzia\u0142ania witryny internetowej, umo\u017cliwiaj\u0105c podstawowe funkcje, takie jak nawigacja po stronie i dost\u0119p do bezpiecznych obszar\u00f3w witryny.<\/li>\n\n\n\n<li>Statystyczne pliki cookie, kt\u00f3re pozwalaj\u0105 nam zobaczy\u0107 liczb\u0119 odwiedzaj\u0105cych i spos\u00f3b, w jaki poruszaj\u0105 si\u0119 po naszej witrynie podczas korzystania z niej. Pomaga nam to poprawi\u0107 spos\u00f3b dzia\u0142ania naszej witryny, na przyk\u0142ad poprzez zapewnienie, \u017ce u\u017cytkownicy \u0142atwo znajduj\u0105 to, czego szukaj\u0105. Wybrane przez nas rozwi\u0105zanie analityczne chroni prywatno\u015b\u0107 odwiedzaj\u0105cych, np. poprzez anonimizacj\u0119 adres\u00f3w IP. Informacje gromadzone przez te pliki cookie s\u0105 zagregowane, a zatem anonimowe.<\/li>\n<\/ul>\n\n\n\n<h2 class=\"wp-block-heading\"><strong>Jak zarz\u0105dza\u0107 plikami cookie?<\/strong><\/h2>\n\n\n\n<p>Wi\u0119kszo\u015b\u0107 przegl\u0105darek internetowych pozwala na pewn\u0105 kontrol\u0119 wi\u0119kszo\u015bci plik\u00f3w cookie za pomoc\u0105 ustawie\u0144 przegl\u0105darki. Aby dowiedzie\u0107 si\u0119 wi\u0119cej o plikach cookie, w tym o tym, jak sprawdzi\u0107, jakie pliki cookie zosta\u0142y ustawione, odwied\u017a stron\u0119 www.aboutcookies.org lub&nbsp;<a href=\"http:\/\/www.allaboutcookies.org\/\">www.allaboutcookies.org<\/a><\/p>\n\n\n\n<p>Korzystaj\u0105c z poni\u017cszych link\u00f3w, mo\u017cna dowiedzie\u0107 si\u0119, jak zarz\u0105dza\u0107 preferencjami dotycz\u0105cymi plik\u00f3w cookie w popularnych przegl\u0105darkach:<\/p>\n\n\n\n<ul class=\"wp-block-list\">\n<li><a href=\"https:\/\/support.google.com\/chrome\/answer\/95647?hl=en\">Google Chrome<\/a><\/li>\n\n\n\n<li><a href=\"https:\/\/support.microsoft.com\/en-gb\/windows\/microsoft-edge-browsing-data-and-privacy-bb8174ba-9d73-dcf2-9b4a-c582b4e640dd\">Microsoft Edge<\/a><\/li>\n\n\n\n<li><a href=\"https:\/\/support.mozilla.org\/en-US\/products\/firefox\/protect-your-privacy\/cookies\">Mozilla Firefox<\/a><\/li>\n\n\n\n<li><a href=\"https:\/\/support.microsoft.com\/en-us\/windows\/delete-and-manage-cookies-168dab11-0753-043d-7c16-ede5947fc64d\">Internet Explorer<\/a><\/li>\n\n\n\n<li><a href=\"https:\/\/help.opera.com\/en\/latest\/web-preferences\/#cookies\">Opera<\/a><\/li>\n\n\n\n<li><a href=\"https:\/\/support.apple.com\/en-gb\/guide\/safari\/sfri11471\/mac\">Apple Safari<\/a><\/li>\n<\/ul>\n\n\n\n<h2 class=\"wp-block-heading\"><strong>Pliki cookie stron trzecich<\/strong><\/h2>\n\n\n\n<p>Pliki cookie stron trzecich s\u0105 generowane wy\u0142\u0105cznie za zgod\u0105 u\u017cytkownika. U\u017cywamy plik\u00f3w cookie stron trzecich, aby zapewni\u0107 lepsz\u0105 funkcjonalno\u015b\u0107 witryny.<\/p>\n\n\n\n<p>Ta witryna korzysta z Google Analytics, kt\u00f3re jest jednym z najbardziej rozpowszechnionych i zaufanych rozwi\u0105za\u0144 analitycznych w sieci, pomagaj\u0105cym nam zrozumie\u0107, w jaki spos\u00f3b korzystasz z witryny i w jaki spos\u00f3b mo\u017cemy poprawi\u0107 Twoje wra\u017cenia. Te pliki cookie mog\u0105 \u015bledzi\u0107 takie rzeczy, jak czas sp\u0119dzony w witrynie i odwiedzane strony, dzi\u0119ki czemu mo\u017cemy nadal tworzy\u0107 interesuj\u0105ce tre\u015bci. Wi\u0119cej informacji na temat plik\u00f3w cookie Google Analytics mo\u017cna znale\u017a\u0107 w oficjalnym dokumencie <a href=\"https:\/\/policies.google.com\/technologies\/cookies?hl=en-US\">Strona Google Analytics<\/a>.<\/p>\n\n\n\n<h2 class=\"wp-block-heading\"><strong>Polityki prywatno\u015bci innych witryn internetowych<\/strong><\/h2>\n\n\n\n<p>Poniewa\u017c witryna korzysta z przycisk\u00f3w medi\u00f3w spo\u0142eczno\u015bciowych w celu u\u0142atwienia interakcji z kontaktami i rozpowszechniania informacji o SOILPROM, nale\u017cy poinformowa\u0107, \u017ce niniejsza Informacja o ochronie prywatno\u015bci nie ma zastosowania do witryn docelowych i \u017ce nale\u017cy r\u00f3wnie\u017c zapozna\u0107 si\u0119 z ich Politykami przed przekazaniem im jakichkolwiek danych osobowych. Nie ponosimy odpowiedzialno\u015bci za tre\u015bci i bezpiecze\u0144stwo na tych stronach internetowych; jednak\u017ce dok\u0142adamy wszelkich stara\u0144, aby linkowa\u0107 wy\u0142\u0105cznie do stron internetowych, kt\u00f3re wyznaj\u0105 te same warto\u015bci i standardy, co my.<\/p>\n\n\n\n<h2 class=\"wp-block-heading\"><strong>Zmiany w naszej polityce prywatno\u015bci<\/strong><\/h2>\n\n\n\n<p>Projekt SOILPROM regularnie aktualizuje swoj\u0105 polityk\u0119 prywatno\u015bci i umieszcza wszelkie aktualizacje na tej stronie internetowej. Niniejsza polityka prywatno\u015bci zosta\u0142a utworzona w dniu 18.04.2025 r.<\/p>\n\n\n\n<h2 class=\"wp-block-heading\"><strong>Jak si\u0119 z nami skontaktowa\u0107<\/strong><\/h2>\n\n\n\n<p>Je\u015bli nadal chcesz uzyska\u0107 wi\u0119cej informacji lub masz jakiekolwiek w\u0105tpliwo\u015bci dotycz\u0105ce sposobu przetwarzania Twoich danych, skontaktuj si\u0119 z nami za po\u015brednictwem poczty elektronicznej: info@soilprom.eu. <\/p>\n\n\n\n<p>Odpowiemy na Twoje zapytania w ci\u0105gu 60 dni od ich otrzymania.<\/p>\n\n\n\n<p>EUROQUALITY jest partnerem odpowiedzialnym za utrzymanie strony internetowej. Jego dane identyfikacyjne s\u0105 nast\u0119puj\u0105ce:<\/p>\n\n\n\n<ul class=\"wp-block-list\">\n<li>Siedziba statutowa: 53 RUE DE CHATEAUDUN, <\/li>\n\n\n\n<li>Kod pocztowy: 75009<\/li>\n\n\n\n<li>Miasto: PARIS<\/li>\n\n\n\n<li>VAT: FR40413939620<\/li>\n\n\n\n<li>E-mail:&nbsp;contact@euroquality.fr<\/li>\n\n\n\n<li>Dostawca us\u0142ug hostingowych: HOSTINGER<\/li>\n<\/ul>\n\n\n\n<hr class=\"wp-block-separator has-alpha-channel-opacity\"\/>","protected":false},"excerpt":{"rendered":"<p>Privacy Policy Welcome to our SOILPROM project website and thank you for your interest. We take the protection of your personal data seriously and kindly ask you to read the following information. This privacy notice applies to website visitors, research partners, and other stakeholders and provides detailed information on how we process personal data. What [&hellip;]<\/p>\n","protected":false},"author":1,"featured_media":0,"parent":0,"menu_order":0,"comment_status":"closed","ping_status":"open","template":"","meta":{"_acf_changed":false,"_et_pb_use_builder":"","_et_pb_old_content":"","_et_gb_content_width":"","footnotes":""},"class_list":["post-3","page","type-page","status-publish","hentry"],"acf":[],"_links":{"self":[{"href":"https:\/\/soilprom.eu\/pl\/wp-json\/wp\/v2\/pages\/3","targetHints":{"allow":["GET"]}}],"collection":[{"href":"https:\/\/soilprom.eu\/pl\/wp-json\/wp\/v2\/pages"}],"about":[{"href":"https:\/\/soilprom.eu\/pl\/wp-json\/wp\/v2\/types\/page"}],"author":[{"embeddable":true,"href":"https:\/\/soilprom.eu\/pl\/wp-json\/wp\/v2\/users\/1"}],"replies":[{"embeddable":true,"href":"https:\/\/soilprom.eu\/pl\/wp-json\/wp\/v2\/comments?post=3"}],"version-history":[{"count":11,"href":"https:\/\/soilprom.eu\/pl\/wp-json\/wp\/v2\/pages\/3\/revisions"}],"predecessor-version":[{"id":1569,"href":"https:\/\/soilprom.eu\/pl\/wp-json\/wp\/v2\/pages\/3\/revisions\/1569"}],"wp:attachment":[{"href":"https:\/\/soilprom.eu\/pl\/wp-json\/wp\/v2\/media?parent=3"}],"curies":[{"name":"wp","href":"https:\/\/api.w.org\/{rel}","templated":true}]}}