
{"id":3,"date":"2024-09-25T09:28:44","date_gmt":"2024-09-25T09:28:44","guid":{"rendered":"http:\/\/soilprom.eu\/?page_id=3"},"modified":"2025-04-18T15:16:52","modified_gmt":"2025-04-18T15:16:52","slug":"privacy-policy","status":"publish","type":"page","link":"https:\/\/soilprom.eu\/es\/privacy-policy\/","title":{"rendered":"Pol\u00edtica de Privacidad"},"content":{"rendered":"<div style=\"height:100px\" aria-hidden=\"true\" class=\"wp-block-spacer\"><\/div>\n\n\n\n<h1 class=\"wp-block-heading\">Pol\u00edtica de Privacidad<\/h1>\n\n\n\n<p>Bienvenido al sitio web de nuestro proyecto SOILPROM y gracias por su inter\u00e9s. Tomamos la protecci\u00f3n de sus datos personales en serio y le pedimos amablemente que lea la siguiente informaci\u00f3n. Este aviso de privacidad se aplica a los visitantes del sitio web, socios de investigaci\u00f3n y otras partes interesadas, y proporciona informaci\u00f3n detallada sobre c\u00f3mo procesamos los datos personales.<\/p>\n\n\n\n<h2 class=\"wp-block-heading\"><strong>\u00bfQu\u00e9 datos recopilamos?<\/strong><\/h2>\n\n\n\n<p>SOILPROM recopila los siguientes datos personales:<\/p>\n\n\n\n<ul class=\"wp-block-list\">\n<li>Nombre y apellido<\/li>\n\n\n\n<li>Direcciones de correo electr\u00f3nico<\/li>\n\n\n\n<li>N\u00fameros de tel\u00e9fono<\/li>\n\n\n\n<li>Afiliaci\u00f3n profesional y\/o cargo<\/li>\n<\/ul>\n\n\n\n<h2 class=\"wp-block-heading\"><strong>\u00bfC\u00f3mo recopilamos sus datos personales?<\/strong><\/h2>\n\n\n\n<ul class=\"wp-block-list\">\n<li>Al contactarnos por correo electr\u00f3nico (necesitaremos tu direcci\u00f3n de correo electr\u00f3nico para poder responderte)<\/li>\n\n\n\n<li>V\u00eda registro a reuniones presenciales\/remotas (necesitaremos tu nombre, direcci\u00f3n de correo electr\u00f3nico, n\u00famero de tel\u00e9fono en este caso para la lista de asistencia al evento y para contactarte para informaci\u00f3n y en caso de emergencia).<\/li>\n\n\n\n<li>Categor\u00edas especiales de datos personales: Al organizar un evento, podr\u00edamos solicitarle que nos proporcione sus restricciones diet\u00e9ticas para poder ofrecerle opciones que se adapten mejor a sus necesidades.<\/li>\n<\/ul>\n\n\n\n<h2 class=\"wp-block-heading\"><strong>\u00bfC\u00f3mo usamos tus datos?<\/strong><\/h2>\n\n\n\n<ul class=\"wp-block-list\">\n<li>para comunicarme contigo con respecto a la informaci\u00f3n que puedas haber solicitado<\/li>\n\n\n\n<li>para proporcionarle m\u00e1s detalles sobre un evento al que se ha registrado para asistir<\/li>\n\n\n\n<li>Base legal para el tratamiento de sus datos personales<\/li>\n\n\n\n<li>Consentimiento informado: cuando nos proporciona sus datos personales al completar un formulario de registro.<\/li>\n\n\n\n<li>Obligaci\u00f3n legal: cuando debemos procesar datos personales para cumplir con una obligaci\u00f3n legal, podemos tener<\/li>\n\n\n\n<li>Intereses leg\u00edtimos: cuando es necesario para nosotros comunicar los resultados del proyecto al p\u00fablico y mejorar la calidad de nuestra investigaci\u00f3n.<\/li>\n<\/ul>\n\n\n\n<h2 class=\"wp-block-heading\"><strong>\u00bfC\u00f3mo almacenamos sus datos?<\/strong><\/h2>\n\n\n\n<p>Dado que SOILPROM es un consorcio formado por 12 socios, sus datos se almacenar\u00e1n de forma segura en las instalaciones del socio responsable, donde se han tomado las medidas t\u00e9cnicas y organizativas apropiadas para garantizar la protecci\u00f3n de los datos. Todos los socios act\u00faan de acuerdo con el Plan de Gesti\u00f3n de Datos establecido al inicio del proyecto, lo que significa que contamos con servidores seguros protegidos por contrase\u00f1a para el almacenamiento de sus datos y el acceso solo se concede a las personas directamente involucradas en SOILPROM. Adem\u00e1s, se instala y actualiza frecuentemente software de seguridad y antivirus en nuestros servidores. Tenga en cuenta que la transmisi\u00f3n de datos no puede ser un% seguro al 100%; sin embargo, hacemos todo lo posible para proteger sus datos en la mayor medida posible.<\/p>\n\n\n\n<h2 class=\"wp-block-heading\"><strong>\u00bfCompartimos tus datos con terceros?<\/strong><\/h2>\n\n\n\n<p>S\u00ed, podemos compartir ocasionalmente sus datos personales con terceros de confianza que nos ayudan a operar de manera eficiente; por ejemplo, software basado en la nube, servicios de recursos humanos y contabilidad dentro del consorcio, organismos encargados de hacer cumplir la ley o agencias gubernamentales, la Comisi\u00f3n Europea.<\/p>\n\n\n\n<h2 class=\"wp-block-heading\"><strong>\u00bfPor cu\u00e1nto tiempo conservamos sus datos personales?<\/strong><\/h2>\n\n\n\n<p>Dado que SOILPROM es un proyecto financiado por HORIZON EUROPE, estamos obligados a almacenar datos para <strong>hasta 10 a\u00f1os despu\u00e9s de la finalizaci\u00f3n del proyecto (a menos que los auditores soliciten una pr\u00f3rroga).<\/strong> Cuando esto ocurra, los datos recopilados se tratar\u00e1n de conformidad con el Reglamento n\u00ba 45\/2001. Transcurrido este plazo y dado que no surjan otras razones leg\u00edtimas para su almacenamiento posterior, eliminaremos sus datos personales.<\/p>\n\n\n\n<h2 class=\"wp-block-heading\"><strong>\u00bfCu\u00e1les son sus derechos de protecci\u00f3n de datos?<\/strong><\/h2>\n\n\n\n<p>El proyecto SOILPROM desea asegurarse de que usted conozca todos sus derechos de protecci\u00f3n de datos. Todos los usuarios tienen derecho a los siguientes derechos:<\/p>\n\n\n\n<p><strong>Derecho de acceso:&nbsp;<\/strong>Puede exigir informaci\u00f3n sobre los datos que procesamos. Puede realizar esta exigencia en cualquier momento y de cualquier forma. Si lo hace, le informaremos por escrito sobre qu\u00e9 datos suyos hemos almacenado, para qu\u00e9 utilizaremos los datos, las categor\u00edas de destinatarios a los que se transfieren y c\u00f3mo pretendemos almacenarlos.<\/p>\n\n\n\n<p><strong>Derecho al olvido<\/strong>: Puede exigir la supresi\u00f3n de sus datos que procesamos. Puede hacer esta solicitud en cualquier momento y de cualquier forma. Cumpliremos con esta solicitud si ya no necesitamos sus datos para el prop\u00f3sito para el cual fueron recopilados, usted retira un consentimiento que hab\u00eda otorgado previamente, el procesamiento de datos es ilegal, o debemos suprimir sus datos para cumplir con una obligaci\u00f3n legal.<\/p>\n\n\n\n<p><strong>Derecho de rectificaci\u00f3n:<\/strong>&nbsp;Si procesamos err\u00f3neamente datos incorrectos o incompletos sobre usted, obviamente lo rectificaremos. Solo env\u00edenos una solicitud para que esto se haga, en la forma que elija.<\/p>\n\n\n\n<p><strong>Derecho a la limitaci\u00f3n del tratamiento:<\/strong>&nbsp;Si sus datos no pueden ser borrados, o si no desea que sean borrados pero tampoco desea que sean procesados m\u00e1s all\u00e1 de su almacenamiento, estaremos obligados a su solicitud a restringir el procesamiento posterior de sus datos personales.<\/p>\n\n\n\n<p><strong>Derecho a la portabilidad de los datos:&nbsp;<\/strong>Proporcionaremos los datos sobre usted que almacenamos, los cuales recibimos bas\u00e1ndonos en un contrato o en su consentimiento, en un formato de archivo de uso com\u00fan a su solicitud (independientemente de su forma). Puede utilizar estos datos para sus propios fines y transferirlos a futuros socios contractuales. Tambi\u00e9n transmitiremos directamente sus datos a un destinatario designado por usted, siempre que lo desee y sea t\u00e9cnicamente factible. En este caso, le informaremos una vez que la transmisi\u00f3n se haya completado con \u00e9xito.<\/p>\n\n\n\n<p><strong>Derecho de oposici\u00f3n&nbsp;<\/strong>En ciertos casos, el Reglamento General de Protecci\u00f3n de Datos tambi\u00e9n le otorga el derecho de oponerse al tratamiento posterior de sus datos. Dado que actualmente no estamos tratando ning\u00fan dato de una manera que le otorgue el derecho de oposici\u00f3n, lo remitimos en este punto al derecho de supresi\u00f3n o al derecho a la limitaci\u00f3n del tratamiento (ver arriba).<\/p>\n\n\n\n<p>Si realizas una solicitud, tenemos un mes para responderte. Si deseas ejercer alguno de estos derechos, por favor, cont\u00e1ctanos por correo electr\u00f3nico: info@soilprom.eu <\/p>\n\n\n\n<h2 class=\"wp-block-heading\"><strong>Galletas<\/strong><\/h2>\n\n\n\n<p>Las cookies son peque\u00f1os archivos que se descargan en tu ordenador cuando visitas un sitio web para mejorar tu experiencia. Casi todos los navegadores admiten cookies; sin embargo, puedes configurar tus preferencias (rechazarlas o eliminarlas) cuando lo desees. Para obtener informaci\u00f3n m\u00e1s general sobre las cookies, consulta la&nbsp;<a href=\"https:\/\/www.cookiebot.com\/en\/cookie-control\/?gclid=Cj0KCQiAmeKQBhDvARIsAHJ7mF5AzeMnUVmnCTogc6yI7_Mk2jl_OlkfFxPg0MvK1DxLCg6nJ9l2tEMaAiChEALw_wcB\">P\u00e1gina de cookies de ICO<\/a>.<\/p>\n\n\n\n<h2 class=\"wp-block-heading\"><strong>\u00bfC\u00f3mo usamos las cookies?<\/strong><\/h2>\n\n\n\n<p>Utilizamos cookies para gestionar la funcionalidad de nuestro sitio web y obtener informaci\u00f3n sobre c\u00f3mo mejorar nuestros servicios para nuestros usuarios. Cuando una cookie no es necesaria, le damos la opci\u00f3n de rechazarla y desactivarla.<\/p>\n\n\n\n<h2 class=\"wp-block-heading\"><strong>\u00bfQu\u00e9 tipos de cookies utilizamos?<\/strong><\/h2>\n\n\n\n<p>Usamos dos tipos principales de cookies:<\/p>\n\n\n\n<ul class=\"wp-block-list\">\n<li>Cookies necesarias, que son esenciales para el funcionamiento del sitio web al habilitar funciones b\u00e1sicas como la navegaci\u00f3n por la p\u00e1gina y el acceso a \u00e1reas seguras del sitio web.<\/li>\n\n\n\n<li>Cookies estad\u00edsticas, que nos permiten ver el n\u00famero de visitantes y c\u00f3mo se mueven por nuestro sitio web cuando lo utilizan. Esto nos ayuda a mejorar el funcionamiento de nuestro sitio web, por ejemplo, asegur\u00e1ndonos de que los usuarios encuentran f\u00e1cilmente lo que buscan. La soluci\u00f3n de an\u00e1lisis que hemos elegido preserva la privacidad de nuestros visitantes, por ejemplo, anonimizando las direcciones IP. La informaci\u00f3n recopilada por estas cookies es agregada y, por lo tanto, an\u00f3nima.<\/li>\n<\/ul>\n\n\n\n<h2 class=\"wp-block-heading\"><strong>C\u00f3mo gestionar las cookies<\/strong><\/h2>\n\n\n\n<p>La mayor\u00eda de los navegadores web permiten cierto control sobre la mayor\u00eda de las cookies a trav\u00e9s de la configuraci\u00f3n del navegador. Para obtener m\u00e1s informaci\u00f3n sobre las cookies, incluida la forma de ver qu\u00e9 cookies se han configurado, visita www.aboutcookies.org o&nbsp;<a href=\"http:\/\/www.allaboutcookies.org\/\">www.allaboutcookies.org<\/a><\/p>\n\n\n\n<p>Siguiendo los enlaces a continuaci\u00f3n, puede averiguar c\u00f3mo administrar sus preferencias de Cookies en navegadores populares:<\/p>\n\n\n\n<ul class=\"wp-block-list\">\n<li><a href=\"https:\/\/support.google.com\/chrome\/answer\/95647?hl=en\">Google Chrome<\/a><\/li>\n\n\n\n<li><a href=\"https:\/\/support.microsoft.com\/en-gb\/windows\/microsoft-edge-browsing-data-and-privacy-bb8174ba-9d73-dcf2-9b4a-c582b4e640dd\">Microsoft Edge<\/a><\/li>\n\n\n\n<li><a href=\"https:\/\/support.mozilla.org\/en-US\/products\/firefox\/protect-your-privacy\/cookies\">Mozilla Firefox<\/a><\/li>\n\n\n\n<li><a href=\"https:\/\/support.microsoft.com\/en-us\/windows\/delete-and-manage-cookies-168dab11-0753-043d-7c16-ede5947fc64d\">Internet Explorer<\/a><\/li>\n\n\n\n<li><a href=\"https:\/\/help.opera.com\/en\/latest\/web-preferences\/#cookies\">\u00d3pera<\/a><\/li>\n\n\n\n<li><a href=\"https:\/\/support.apple.com\/en-gb\/guide\/safari\/sfri11471\/mac\">Apple Safari<\/a><\/li>\n<\/ul>\n\n\n\n<h2 class=\"wp-block-heading\"><strong>Cookies de terceros<\/strong><\/h2>\n\n\n\n<p>Las cookies de terceros solo se generan con su acuerdo. Utilizamos cookies de terceros para proporcionar una funcionalidad mejorada del sitio.<\/p>\n\n\n\n<p>Este sitio utiliza Google Analytics, que es una de las soluciones de an\u00e1lisis m\u00e1s extendidas y fiables de la web para ayudarnos a entender c\u00f3mo utilizas el sitio y las formas en que podemos mejorar tu experiencia. Estas cookies pueden rastrear aspectos como el tiempo que pasas en el sitio y las p\u00e1ginas que visitas para que podamos continuar produciendo contenido interesante. Para m\u00e1s informaci\u00f3n sobre las cookies de Google Analytics, consulta la p\u00e1gina oficial <a href=\"https:\/\/policies.google.com\/technologies\/cookies?hl=en-US\">P\u00e1gina de Google Analytics<\/a>.<\/p>\n\n\n\n<h2 class=\"wp-block-heading\"><strong>Pol\u00edticas de privacidad de otros sitios web<\/strong><\/h2>\n\n\n\n<p>Dado que el sitio web utiliza botones de redes sociales para facilitar su interacci\u00f3n con sus contactos y difundir noticias sobre SOILPROM, se le informa que este Aviso de privacidad no se aplica a los sitios web de destino y que tambi\u00e9n debe revisar sus pol\u00edticas antes de enviarles cualquier informaci\u00f3n personal. No somos responsables del contenido ni de la seguridad de estos sitios web; sin embargo, hacemos todo lo posible para enlazarnos \u00fanicamente a sitios web que tengan los mismos valores y est\u00e1ndares que nosotros.<\/p>\n\n\n\n<h2 class=\"wp-block-heading\"><strong>Cambios a nuestra pol\u00edtica de privacidad<\/strong><\/h2>\n\n\n\n<p>El proyecto SOILPROM mantiene su pol\u00edtica de privacidad bajo revisi\u00f3n peri\u00f3dica y publica cualquier actualizaci\u00f3n en esta p\u00e1gina web. Este aviso de privacidad fue creado el 18\/04\/2025.<\/p>\n\n\n\n<h2 class=\"wp-block-heading\"><strong>C\u00f3mo contactarnos<\/strong><\/h2>\n\n\n\n<p>Si todav\u00eda est\u00e1 buscando m\u00e1s informaci\u00f3n o tiene alguna duda sobre c\u00f3mo se procesan sus datos, no dude en ponerse en contacto con nosotros por correo electr\u00f3nico: info@soilprom.eu. <\/p>\n\n\n\n<p>Responderemos a sus consultas en un plazo de 60 d\u00edas a partir de la fecha de recepci\u00f3n.<\/p>\n\n\n\n<p>EUROQUALITY es el socio encargado del mantenimiento del sitio web. Su informaci\u00f3n de identificaci\u00f3n es la siguiente:<\/p>\n\n\n\n<ul class=\"wp-block-list\">\n<li>Sede social: 53 RUE DE CHATEAUDUN, <\/li>\n\n\n\n<li>C\u00f3digo postal: 75009<\/li>\n\n\n\n<li>Pueblo\/Ciudad: PAR\u00cdS<\/li>\n\n\n\n<li>IVA: ESB12345678<\/li>\n\n\n\n<li>E-mail:&nbsp;contact@euroquality.fr<\/li>\n\n\n\n<li>Proveedor de alojamiento web: HOSTINGER<\/li>\n<\/ul>\n\n\n\n<hr class=\"wp-block-separator has-alpha-channel-opacity\"\/>","protected":false},"excerpt":{"rendered":"<p>Privacy Policy Welcome to our SOILPROM project website and thank you for your interest. We take the protection of your personal data seriously and kindly ask you to read the following information. This privacy notice applies to website visitors, research partners, and other stakeholders and provides detailed information on how we process personal data. What [&hellip;]<\/p>\n","protected":false},"author":1,"featured_media":0,"parent":0,"menu_order":0,"comment_status":"closed","ping_status":"open","template":"","meta":{"_acf_changed":false,"_et_pb_use_builder":"","_et_pb_old_content":"","_et_gb_content_width":"","footnotes":""},"class_list":["post-3","page","type-page","status-publish","hentry"],"acf":[],"_links":{"self":[{"href":"https:\/\/soilprom.eu\/es\/wp-json\/wp\/v2\/pages\/3","targetHints":{"allow":["GET"]}}],"collection":[{"href":"https:\/\/soilprom.eu\/es\/wp-json\/wp\/v2\/pages"}],"about":[{"href":"https:\/\/soilprom.eu\/es\/wp-json\/wp\/v2\/types\/page"}],"author":[{"embeddable":true,"href":"https:\/\/soilprom.eu\/es\/wp-json\/wp\/v2\/users\/1"}],"replies":[{"embeddable":true,"href":"https:\/\/soilprom.eu\/es\/wp-json\/wp\/v2\/comments?post=3"}],"version-history":[{"count":11,"href":"https:\/\/soilprom.eu\/es\/wp-json\/wp\/v2\/pages\/3\/revisions"}],"predecessor-version":[{"id":1569,"href":"https:\/\/soilprom.eu\/es\/wp-json\/wp\/v2\/pages\/3\/revisions\/1569"}],"wp:attachment":[{"href":"https:\/\/soilprom.eu\/es\/wp-json\/wp\/v2\/media?parent=3"}],"curies":[{"name":"wp","href":"https:\/\/api.w.org\/{rel}","templated":true}]}}