
{"id":3,"date":"2024-09-25T09:28:44","date_gmt":"2024-09-25T09:28:44","guid":{"rendered":"http:\/\/soilprom.eu\/?page_id=3"},"modified":"2025-04-18T15:16:52","modified_gmt":"2025-04-18T15:16:52","slug":"privacy-policy","status":"publish","type":"page","link":"https:\/\/soilprom.eu\/de\/privacy-policy\/","title":{"rendered":"Datenschutzrichtlinie"},"content":{"rendered":"<div style=\"height:100px\" aria-hidden=\"true\" class=\"wp-block-spacer\"><\/div>\n\n\n\n<h1 class=\"wp-block-heading\">Datenschutzrichtlinie<\/h1>\n\n\n\n<p>Willkommen auf der Webseite unseres SOILPROM-Projekts und vielen Dank f\u00fcr Ihr Interesse. Wir nehmen den Schutz Ihrer pers\u00f6nlichen Daten ernst und bitten Sie, die folgenden Informationen sorgf\u00e4ltig zu lesen. Diese Datenschutzerkl\u00e4rung gilt f\u00fcr Website-Besucher, Forschungspartner und andere Interessengruppen und enth\u00e4lt detaillierte Informationen zur Verarbeitung personenbezogener Daten.<\/p>\n\n\n\n<h2 class=\"wp-block-heading\"><strong>Welche Daten sammeln wir?<\/strong><\/h2>\n\n\n\n<p>SOILPROM sammelt die folgenden personenbezogenen Daten:<\/p>\n\n\n\n<ul class=\"wp-block-list\">\n<li>Vor- und Nachnamen<\/li>\n\n\n\n<li>E-Mail-Adressen<\/li>\n\n\n\n<li>Telefonnummern<\/li>\n\n\n\n<li>Berufsbezeichnung und\/oder Berufsbezeichnung<\/li>\n<\/ul>\n\n\n\n<h2 class=\"wp-block-heading\"><strong>Wie sammeln wir Ihre pers\u00f6nlichen Daten?<\/strong><\/h2>\n\n\n\n<ul class=\"wp-block-list\">\n<li>Indem Sie uns per E-Mail kontaktieren (wir ben\u00f6tigen Ihre E-Mail-Adresse, um Ihnen antworten zu k\u00f6nnen)<\/li>\n\n\n\n<li>\u00dcber die Registrierung zu pers\u00f6nlichen\/virtuellen Besprechungen (wir ben\u00f6tigen in diesem Fall Ihren Namen, Ihre E-Mail-Adresse und Ihre Telefonnummer f\u00fcr die Teilnehmerliste der Veranstaltung und um Sie f\u00fcr Informationen und im Notfall zu kontaktieren)<\/li>\n\n\n\n<li>Besondere Kategorien personenbezogener Daten: Bei der Ausrichtung einer Veranstaltung k\u00f6nnen wir Sie bitten, uns Ihre di\u00e4tetischen Einschr\u00e4nkungen mitzuteilen, um Ihnen Optionen anbieten zu k\u00f6nnen, die f\u00fcr Sie am besten geeignet sind.<\/li>\n<\/ul>\n\n\n\n<h2 class=\"wp-block-heading\"><strong>Wie verwenden wir Ihre Daten?<\/strong><\/h2>\n\n\n\n<ul class=\"wp-block-list\">\n<li>zur Kommunikation mit Ihnen bez\u00fcglich der von Ihnen eventuell angeforderten Informationen<\/li>\n\n\n\n<li>zur Bereitstellung weiterer Details \u00fcber eine Veranstaltung, f\u00fcr die Sie sich angemeldet haben<\/li>\n\n\n\n<li>Rechtliche Grundlage f\u00fcr die Verarbeitung Ihrer personenbezogenen Daten<\/li>\n\n\n\n<li>Einwilligung: wenn Sie uns Ihre pers\u00f6nlichen Daten zur Verf\u00fcgung stellen, indem Sie ein Registrierungsformular ausf\u00fcllen.<\/li>\n\n\n\n<li>Rechtliche Verpflichtung: Wenn wir personenbezogene Daten verarbeiten m\u00fcssen, um eine rechtliche Verpflichtung zu erf\u00fcllen, d\u00fcrfen wir<\/li>\n\n\n\n<li>Berechtigte Interessen: wenn es f\u00fcr uns notwendig ist, die Ergebnisse des Projekts \u00f6ffentlich zu kommunizieren und unsere Forschungsqualit\u00e4t zu verbessern.<\/li>\n<\/ul>\n\n\n\n<h2 class=\"wp-block-heading\"><strong>Wie speichern wir deine Daten?<\/strong><\/h2>\n\n\n\n<p>Da SOILPROM ein Konsortium aus 12 Partnern ist, werden Ihre Daten sicher in den R\u00e4umlichkeiten des jeweiligen verantwortlichen Partners gespeichert, wo geeignete technische und organisatorische Ma\u00dfnahmen zum Schutz der Daten getroffen wurden. Alle Partner handeln gem\u00e4\u00df dem zu Beginn des Projekts erstellten Datenmanagementplan, was bedeutet, dass wir sichere und passwortgesch\u00fctzte Server zur Speicherung Ihrer Daten haben und der Zugriff nur Personen gew\u00e4hrt wird, die direkt an SOILPROM beteiligt sind. Zus\u00e4tzlich ist auf unseren Servern Sicherheits- und Antivirensoftware installiert und wird regelm\u00e4\u00dfig aktualisiert. Bitte beachten Sie, dass die \u00dcbertragung von Daten nicht zu 100 %% sicher sein kann; wir tun jedoch unser Bestes, um Ihre Daten im h\u00f6chsten Ma\u00dfe zu sch\u00fctzen.<\/p>\n\n\n\n<h2 class=\"wp-block-heading\"><strong>Teilen wir Ihre Daten mit Dritten?<\/strong><\/h2>\n\n\n\n<p>Ja, wir d\u00fcrfen Ihre personenbezogenen Daten gelegentlich an vertrauensw\u00fcrdige Dritte weitergeben, die uns helfen, effizient zu arbeiten; zum Beispiel an Cloud-basierte Software, HR- und Buchhaltungsdienste innerhalb des Konsortiums, Strafverfolgungs- oder Regierungsbeh\u00f6rden, die Europ\u00e4ische Kommission.<\/p>\n\n\n\n<h2 class=\"wp-block-heading\"><strong>Wie lange bewahren wir Ihre pers\u00f6nlichen Daten auf?<\/strong><\/h2>\n\n\n\n<p>Da SOILPROM ein Projekt ist, das von HORIZON EUROPE finanziert wird, sind wir verpflichtet, Daten zu speichern f\u00fcr <strong>bis zu 10 Jahre nach Abschluss des Projekts (sofern keine Verl\u00e4ngerung durch Wirtschaftspr\u00fcfer beantragt wird).<\/strong> Wenn dies eintritt, werden die gesammelten Daten gem\u00e4\u00df der Verordnung Nr. 45\/2001 behandelt. Nach Ablauf dieser Frist und sofern keine anderen rechtm\u00e4\u00dfigen Gr\u00fcnde f\u00fcr eine weitere Speicherung entstehen, werden wir Ihre personenbezogenen Daten l\u00f6schen.<\/p>\n\n\n\n<h2 class=\"wp-block-heading\"><strong>Welche Rechte haben Sie in Bezug auf den Datenschutz?<\/strong><\/h2>\n\n\n\n<p>Das SOILPROM-Projekt m\u00f6chte sicherstellen, dass Sie sich all Ihrer Datenschutzrechte bewusst sind. Jeder Nutzer hat Anspruch auf folgende Rechte:<\/p>\n\n\n\n<p><strong>Zugangsrecht&nbsp;<\/strong>Sie k\u00f6nnen Auskunft \u00fcber die von uns verarbeiteten Daten verlangen. Diesen Anspruch k\u00f6nnen Sie jederzeit und in beliebiger Form geltend machen. Sollten Sie dies tun, informieren wir Sie schriftlich dar\u00fcber, welche Sie betreffenden Daten wir gespeichert haben, wof\u00fcr wir die Daten verwenden, an welche Kategorien von Empf\u00e4ngern sie weitergegeben werden und wie wir beabsichtigen, sie zu speichern.<\/p>\n\n\n\n<p><strong>Recht auf L\u00f6schung<\/strong>Sie k\u00f6nnen die L\u00f6schung Ihrer Daten, die wir verarbeiten, verlangen. Sie k\u00f6nnen diesen Antrag jederzeit und in jeder Form stellen. Wir werden diesem Wunsch nachkommen, wenn wir Ihre Daten f\u00fcr den Zweck, f\u00fcr den sie erhoben wurden, nicht mehr ben\u00f6tigen, Sie eine zuvor erteilte Einwilligung widerrufen, die Datenverarbeitung rechtswidrig ist oder wir Ihre Daten zur Erf\u00fcllung einer gesetzlichen Verpflichtung l\u00f6schen m\u00fcssen.<\/p>\n\n\n\n<p><strong>Recht auf Berichtigung<\/strong>&nbsp;Wenn wir fehlerhafte oder unvollst\u00e4ndige Daten \u00fcber Sie verarbeiten, werden wir dies selbstverst\u00e4ndlich berichtigen. Senden Sie uns einfach eine entsprechende Aufforderung, in welcher Form auch immer Sie m\u00f6chten.<\/p>\n\n\n\n<p><strong>Recht auf Einschr\u00e4nkung der Verarbeitung<\/strong>&nbsp;Wenn Ihre Daten nicht gel\u00f6scht werden k\u00f6nnen, oder wenn Sie nicht m\u00f6chten, dass sie gel\u00f6scht werden, sondern auch nicht dar\u00fcber hinaus verarbeitet werden sollen, als nur gespeichert zu werden, sind wir verpflichtet, auf Ihren Wunsch hin die weitere Verarbeitung Ihrer personenbezogenen Daten einzuschr\u00e4nken.<\/p>\n\n\n\n<p><strong>Recht auf Daten\u00fcbertragbarkeit:&nbsp;<\/strong>Wir werden die Daten \u00fcber Sie, die wir speichern und die wir auf Grundlage eines Vertrages oder Ihrer Einwilligung erhalten haben, auf Ihren Wunsch hin in einem g\u00e4ngigen Dateiformat (unabh\u00e4ngig von der Form) zur Verf\u00fcgung stellen. Sie k\u00f6nnen diese Daten f\u00fcr Ihre eigenen Zwecke nutzen und an zuk\u00fcnftige Vertragspartner weiterleiten. Wir werden Ihre Daten auch direkt an einen von Ihnen benannten Empf\u00e4nger \u00fcbermitteln, sofern Sie dies w\u00fcnschen und es technisch machbar ist. In diesem Fall werden wir Sie informieren, sobald die \u00dcbermittlung erfolgreich abgeschlossen wurde.<\/p>\n\n\n\n<p><strong>Widerspruchsrecht&nbsp;<\/strong>In bestimmten F\u00e4llen berechtigt Sie die Datenschutz-Grundverordnung auch dazu, der weiteren Verarbeitung Ihrer Daten zu widersprechen. Da wir derzeit keine Daten auf eine Weise verarbeiten, die Ihnen ein Widerspruchsrecht einr\u00e4umen w\u00fcrde, verweisen wir Sie an dieser Stelle auf das Recht auf L\u00f6schung bzw. auf das Recht auf Einschr\u00e4nkung der Verarbeitung (siehe oben).<\/p>\n\n\n\n<p>Wenn Sie eine Anfrage stellen, haben wir einen Monat Zeit, um Ihnen zu antworten. Wenn Sie eines dieser Rechte aus\u00fcben m\u00f6chten, kontaktieren Sie uns bitte per E-Mail: info@soilprom.eu <\/p>\n\n\n\n<h2 class=\"wp-block-heading\"><strong>Kekse<\/strong><\/h2>\n\n\n\n<p>Cookies sind kleine Dateien, die beim Besuch einer Website auf Ihrem Computer gespeichert werden, um Ihr Erlebnis zu verbessern. Fast alle Browser unterst\u00fctzen Cookies, Sie k\u00f6nnen jedoch Ihre Einstellungen jederzeit festlegen (ablehnen oder l\u00f6schen). Weitere allgemeine Informationen zu Cookies finden Sie unter&nbsp;<a href=\"https:\/\/www.cookiebot.com\/en\/cookie-control\/?gclid=Cj0KCQiAmeKQBhDvARIsAHJ7mF5AzeMnUVmnCTogc6yI7_Mk2jl_OlkfFxPg0MvK1DxLCg6nJ9l2tEMaAiChEALw_wcB\">ICO's Cookie-Seite<\/a>.<\/p>\n\n\n\n<h2 class=\"wp-block-heading\"><strong>Wie verwenden wir Cookies?<\/strong><\/h2>\n\n\n\n<p>Wir verwenden Cookies, um die Funktionalit\u00e4t unserer Website zu verwalten und um Einblicke zu gewinnen, wie wir unsere Dienste f\u00fcr unsere Nutzer verbessern k\u00f6nnen. Wenn ein Cookie nicht notwendig ist, geben wir Ihnen die M\u00f6glichkeit, sich davon abzumelden und es zu deaktivieren.<\/p>\n\n\n\n<h2 class=\"wp-block-heading\"><strong>Welche Arten von Cookies verwenden wir?<\/strong><\/h2>\n\n\n\n<p>Wir verwenden zwei Hauptarten von Cookies:<\/p>\n\n\n\n<ul class=\"wp-block-list\">\n<li>Notwendige Cookies, die f\u00fcr den Betrieb der Website unerl\u00e4sslich sind, indem sie grundlegende Funktionen wie die Navigation auf der Seite und den Zugriff auf sichere Bereiche der Website erm\u00f6glichen.<\/li>\n\n\n\n<li>Statistik-Cookies, mit denen wir sehen k\u00f6nnen, wie viele Besucher unsere Website nutzen und wie sie sich darauf bewegen. Dies hilft uns, die Funktionsweise unserer Website zu verbessern, indem wir beispielsweise sicherstellen, dass Benutzer leicht finden, wonach sie suchen. Die von uns gew\u00e4hlte Analyse-L\u00f6sung sch\u00fctzt die Privatsph\u00e4re unserer Besucher, indem sie z. B. IP-Adressen anonymisiert. Die von diesen Cookies gesammelten Informationen sind aggregiert und somit anonym.<\/li>\n<\/ul>\n\n\n\n<h2 class=\"wp-block-heading\"><strong>Wie verwalte ich Cookies?<\/strong><\/h2>\n\n\n\n<p>Die meisten Webbrowser erm\u00f6glichen eine gewisse Kontrolle \u00fcber die meisten Cookies \u00fcber die Browsereinstellungen. Um mehr \u00fcber Cookies zu erfahren, einschlie\u00dflich der Frage, wie man sieht, welche Cookies gesetzt wurden, besuchen Sie www.aboutcookies.org oder&nbsp;<a href=\"http:\/\/www.allaboutcookies.org\/\">www.allaboutcookies.org<\/a><\/p>\n\n\n\n<p>Durch Befolgen der unten stehenden Links erfahren Sie, wie Sie Ihre Cookie-Einstellungen in g\u00e4ngigen Browsern verwalten k\u00f6nnen:<\/p>\n\n\n\n<ul class=\"wp-block-list\">\n<li><a href=\"https:\/\/support.google.com\/chrome\/answer\/95647?hl=en\">Google Chrome<\/a><\/li>\n\n\n\n<li><a href=\"https:\/\/support.microsoft.com\/en-gb\/windows\/microsoft-edge-browsing-data-and-privacy-bb8174ba-9d73-dcf2-9b4a-c582b4e640dd\">Microsoft Edge<\/a><\/li>\n\n\n\n<li><a href=\"https:\/\/support.mozilla.org\/en-US\/products\/firefox\/protect-your-privacy\/cookies\">Mozilla Firefox<\/a><\/li>\n\n\n\n<li><a href=\"https:\/\/support.microsoft.com\/en-us\/windows\/delete-and-manage-cookies-168dab11-0753-043d-7c16-ede5947fc64d\">Internet Explorer<\/a><\/li>\n\n\n\n<li><a href=\"https:\/\/help.opera.com\/en\/latest\/web-preferences\/#cookies\">Oper<\/a><\/li>\n\n\n\n<li><a href=\"https:\/\/support.apple.com\/en-gb\/guide\/safari\/sfri11471\/mac\">Apple Safari<\/a><\/li>\n<\/ul>\n\n\n\n<h2 class=\"wp-block-heading\"><strong>Drittanbieter-Cookies<\/strong><\/h2>\n\n\n\n<p>Drittanbieter-Cookies werden nur mit Ihrer Zustimmung generiert. Wir verwenden Drittanbieter-Cookies, um erweiterte Website-Funktionalit\u00e4ten bereitzustellen.<\/p>\n\n\n\n<p>Diese Website verwendet Google Analytics, eine der am weitesten verbreiteten und vertrauensw\u00fcrdigsten Analysel\u00f6sungen im Web, um zu verstehen, wie Sie die Website nutzen und wie wir Ihr Erlebnis verbessern k\u00f6nnen. Diese Cookies k\u00f6nnen beispielsweise verfolgen, wie lange Sie auf der Website verbringen und welche Seiten Sie besuchen, damit wir weiterhin ansprechende Inhalte produzieren k\u00f6nnen. Weitere Informationen zu Google Analytics-Cookies finden Sie in den offiziellen <a href=\"https:\/\/policies.google.com\/technologies\/cookies?hl=en-US\">Google Analytics-Seite<\/a>.<\/p>\n\n\n\n<h2 class=\"wp-block-heading\"><strong>Datenschutzrichtlinien anderer Websites<\/strong><\/h2>\n\n\n\n<p>Da die Website Social-Media-Buttons verwendet, um Ihnen die Interaktion mit Ihren Kontakten und die Verbreitung von Informationen \u00fcber SOILPROM zu erleichtern, m\u00f6chten wir Sie dar\u00fcber informieren, dass diese Datenschutzerkl\u00e4rung nicht f\u00fcr die Zielwebsites gilt und Sie deren Richtlinien ebenfalls pr\u00fcfen sollten, bevor Sie ihnen pers\u00f6nliche Daten \u00fcbermitteln. Wir sind nicht f\u00fcr die Inhalte und die Sicherheit dieser Websites verantwortlich; wir bem\u00fchen uns jedoch nach besten Kr\u00e4ften, nur Websites zu verlinken, die dieselben Werte und Standards verfolgen wie wir.<\/p>\n\n\n\n<h2 class=\"wp-block-heading\"><strong>\u00c4nderungen unserer Datenschutzrichtlinie<\/strong><\/h2>\n\n\n\n<p>Das SOILPROM-Projekt \u00fcberpr\u00fcft seine Datenschutzrichtlinie regelm\u00e4\u00dfig und ver\u00f6ffentlicht alle Aktualisierungen auf dieser Webseite. Diese Datenschutzerkl\u00e4rung wurde am 18.04.2025 erstellt.<\/p>\n\n\n\n<h2 class=\"wp-block-heading\"><strong>Wie Sie uns kontaktieren k\u00f6nnen<\/strong><\/h2>\n\n\n\n<p>Wenn Sie weitere Informationen suchen oder Bedenken haben, wie Ihre Daten verarbeitet werden, z\u00f6gern Sie bitte nicht, uns per E-Mail zu kontaktieren: info@soilprom.eu. <\/p>\n\n\n\n<p>Wir werden Ihre Anfragen innerhalb von 60 Tagen nach Erhalt beantworten.<\/p>\n\n\n\n<p>EUROQUALITY ist der Partner, der f\u00fcr die Wartung der Website zust\u00e4ndig ist. Seine Identifikationsdaten sind wie folgt:<\/p>\n\n\n\n<ul class=\"wp-block-list\">\n<li>Sitz: 53 RUE DE CHATEAUDUN, <\/li>\n\n\n\n<li>Postleitzahl: 75009<\/li>\n\n\n\n<li>Stadt: PARIS<\/li>\n\n\n\n<li>MwSt.: FR40413939620<\/li>\n\n\n\n<li>E-mail:&nbsp;contact@euroquality.fr<\/li>\n\n\n\n<li>Webhosting-Anbieter: HOSTINGER<\/li>\n<\/ul>\n\n\n\n<hr class=\"wp-block-separator has-alpha-channel-opacity\"\/>","protected":false},"excerpt":{"rendered":"<p>Privacy Policy Welcome to our SOILPROM project website and thank you for your interest. We take the protection of your personal data seriously and kindly ask you to read the following information. This privacy notice applies to website visitors, research partners, and other stakeholders and provides detailed information on how we process personal data. What [&hellip;]<\/p>\n","protected":false},"author":1,"featured_media":0,"parent":0,"menu_order":0,"comment_status":"closed","ping_status":"open","template":"","meta":{"_acf_changed":false,"_et_pb_use_builder":"","_et_pb_old_content":"","_et_gb_content_width":"","footnotes":""},"class_list":["post-3","page","type-page","status-publish","hentry"],"acf":[],"_links":{"self":[{"href":"https:\/\/soilprom.eu\/de\/wp-json\/wp\/v2\/pages\/3","targetHints":{"allow":["GET"]}}],"collection":[{"href":"https:\/\/soilprom.eu\/de\/wp-json\/wp\/v2\/pages"}],"about":[{"href":"https:\/\/soilprom.eu\/de\/wp-json\/wp\/v2\/types\/page"}],"author":[{"embeddable":true,"href":"https:\/\/soilprom.eu\/de\/wp-json\/wp\/v2\/users\/1"}],"replies":[{"embeddable":true,"href":"https:\/\/soilprom.eu\/de\/wp-json\/wp\/v2\/comments?post=3"}],"version-history":[{"count":11,"href":"https:\/\/soilprom.eu\/de\/wp-json\/wp\/v2\/pages\/3\/revisions"}],"predecessor-version":[{"id":1569,"href":"https:\/\/soilprom.eu\/de\/wp-json\/wp\/v2\/pages\/3\/revisions\/1569"}],"wp:attachment":[{"href":"https:\/\/soilprom.eu\/de\/wp-json\/wp\/v2\/media?parent=3"}],"curies":[{"name":"wp","href":"https:\/\/api.w.org\/{rel}","templated":true}]}}